{"id":162,"date":"2023-02-10T11:33:45","date_gmt":"2023-02-10T10:33:45","guid":{"rendered":"https:\/\/www.alsovadacsipanzio.hu\/?page_id=162"},"modified":"2023-02-13T09:10:01","modified_gmt":"2023-02-13T08:10:01","slug":"szobaink","status":"publish","type":"page","link":"https:\/\/www.alsovadacsipanzio.hu\/?page_id=162","title":{"rendered":"Szob\u00e1ink"},"content":{"rendered":"<p>[et_pb_section fb_built=&#8221;1&#8243; _builder_version=&#8221;4.4.8&#8243; background_image=&#8221;https:\/\/www.alsovadacsipanzio.hu\/wp-content\/uploads\/2020\/01\/vhaz_0.jpg&#8221;][et_pb_row _builder_version=&#8221;4.4.8&#8243; min_height=&#8221;558px&#8221;][et_pb_column type=&#8221;4_4&#8243; _builder_version=&#8221;4.4.8&#8243;][\/et_pb_column][\/et_pb_row][\/et_pb_section][et_pb_section fb_built=&#8221;1&#8243; _builder_version=&#8221;4.4.8&#8243; min_height=&#8221;159px&#8221;][et_pb_row _builder_version=&#8221;4.4.8&#8243;][et_pb_column type=&#8221;4_4&#8243; _builder_version=&#8221;4.4.8&#8243;][et_pb_post_title meta=&#8221;off&#8221; featured_image=&#8221;off&#8221; _builder_version=&#8221;4.4.8&#8243;][\/et_pb_post_title][\/et_pb_column][\/et_pb_row][\/et_pb_section][et_pb_section fb_built=&#8221;1&#8243; _builder_version=&#8221;4.4.8&#8243;][et_pb_row _builder_version=&#8221;4.4.8&#8243;][et_pb_column type=&#8221;4_4&#8243; _builder_version=&#8221;4.4.8&#8243;][et_pb_button button_url=&#8221;https:\/\/szallas.hu\/alsovadacsi-vadaszhaz-sutto&#8221; url_new_window=&#8221;on&#8221; button_text=&#8221;ONLINE FOGLAL\u00c1S&#8221; _builder_version=&#8221;4.4.8&#8243;][\/et_pb_button][\/et_pb_column][\/et_pb_row][\/et_pb_section][et_pb_section fb_built=&#8221;1&#8243; _builder_version=&#8221;4.4.8&#8243;][et_pb_row column_structure=&#8221;1_2,1_2&#8243; _builder_version=&#8221;4.4.8&#8243;][et_pb_column type=&#8221;1_2&#8243; _builder_version=&#8221;4.4.8&#8243;][et_pb_text _builder_version=&#8221;4.4.8&#8243; custom_padding=&#8221;|0px||||&#8221;]<\/p>\n<p><span>A vad\u00e1szpanzi\u00f3ban 10 szoba \u00e1ll rendelkez\u00e9sre, 25 \u00e1ggyal.<br \/> <\/span><span>Minden szob\u00e1hoz tartozik f\u00fcrd\u0151szoba zuhanyz\u00f3val.<br \/> <\/span><span>A f\u00f6ldszinten kialak\u00edt\u00e1sra ker\u00fclt egy mozg\u00e1skorl\u00e1tozottak sz\u00e1m\u00e1ra is alkalmas szoba.<br \/> <\/span><span>J\u00f3l felszerelt konyha \u00e1ll a vend\u00e9gek rendelkez\u00e9s\u00e9re egy t\u00e1gas \u00e9tkez\u0151vel, mellette helyet kapott egy nagy t\u00e1rsalg\u00f3 is.<br \/> A kertben haszn\u00e1lhat\u00f3 egy 50 f\u0151 befogad\u00e1s\u00e1ra alkalmas szaletli, a hozz\u00e1 kapcsol\u00f3d\u00f3 kerti t\u0171zhelyn\u00e9l s\u00fctni \u00e9s f\u0151zni egyar\u00e1nt lehet.<br \/> <\/span><\/p>\n<p>[\/et_pb_text][\/et_pb_column][et_pb_column type=&#8221;1_2&#8243; _builder_version=&#8221;4.4.8&#8243;][et_pb_gallery gallery_ids=&#8221;200,202,203,204&#8243; fullwidth=&#8221;on&#8221; _builder_version=&#8221;4.4.8&#8243;][\/et_pb_gallery][\/et_pb_column][\/et_pb_row][\/et_pb_section][et_pb_section fb_built=&#8221;1&#8243; _builder_version=&#8221;4.4.8&#8243;][et_pb_row column_structure=&#8221;1_2,1_2&#8243; _builder_version=&#8221;4.4.8&#8243; custom_margin=&#8221;|411px||auto||&#8221; hover_enabled=&#8221;0&#8243;][et_pb_column type=&#8221;1_2&#8243; _builder_version=&#8221;4.4.8&#8243;][et_pb_text _builder_version=&#8221;4.4.8&#8243; hover_enabled=&#8221;0&#8243;]<\/p>\n<div class=\"mb-10\">\n<h4>FRANCIA\u00c1GYAS SZOBA<\/h4>\n<h6>(2 db)<\/h6>\n<p>&nbsp;<\/p>\n<p>A szob\u00e1ban \u00f6sszesen 2 f\u0151 f\u00e9r el.<\/p>\n<\/div>\n<div class=\"mb-30\">\n<ul class=\"room-services-list list-unstyled list-iconic\">\n<li class=\"service-list-item  \"><span class=\"glyphicon glyphicon-wifi\"><\/span>WIFI<\/li>\n<li class=\"service-list-item  \"><span class=\"glyphicon glyphicon-balcony\"><\/span>Erk\u00e9ly\/terasz<\/li>\n<li class=\"service-list-item  \"><span class=\"glyphicon glyphicon-flatscreen\"><\/span>S\u00edkk\u00e9perny\u0151s TV<\/li>\n<li class=\"service-list-item  \"><span class=\"glyphicon glyphicon-hairdryer\"><\/span>Hajsz\u00e1r\u00edt\u00f3<\/li>\n<li class=\"service-list-item  hidden-element \"><span class=\"glyphicon glyphicon-safe\"><\/span>Szobasz\u00e9f<\/li>\n<li class=\"service-list-item  hidden-element \"><span class=\"glyphicon glyphicon-desk\"><\/span>\u00cdr\u00f3asztal<\/li>\n<\/ul>\n<p>&nbsp;<\/p>\n<\/div>\n<p>Szoba alapter\u00fclete: 20 m<sup>2<\/sup><\/p>\n<ul>\n<li>H\u00e1l\u00f3t\u00e9r (2 f\u0151 r\u00e9sz\u00e9re)\n<ul>\n<li>francia\u00e1gy<\/li>\n<li>ruh\u00e1sszekr\u00e9ny, TV, saj\u00e1t erk\u00e9ly\/terasz<\/li>\n<\/ul>\n<\/li>\n<li>Saj\u00e1t f\u00fcrd\u0151szoba (zuhanyt\u00e1lca)<\/li>\n<li>WC (f\u00fcrd\u0151szob\u00e1val egyben)<\/li>\n<\/ul>\n<p>[\/et_pb_text][\/et_pb_column][et_pb_column type=&#8221;1_2&#8243; _builder_version=&#8221;4.4.8&#8243;][et_pb_gallery gallery_ids=&#8221;166,209,210&#8243; fullwidth=&#8221;on&#8221; _builder_version=&#8221;4.4.8&#8243;][\/et_pb_gallery][\/et_pb_column][\/et_pb_row][\/et_pb_section][et_pb_section fb_built=&#8221;1&#8243; _builder_version=&#8221;4.4.8&#8243;][et_pb_row column_structure=&#8221;1_2,1_2&#8243; _builder_version=&#8221;4.4.8&#8243;][et_pb_column type=&#8221;1_2&#8243; _builder_version=&#8221;4.4.8&#8243;][et_pb_text _builder_version=&#8221;4.4.8&#8243; hover_enabled=&#8221;0&#8243;]<\/p>\n<div class=\"mb-10\">\n<h4>K\u00c9T\u00c1GYAS SZOBA<\/h4>\n<h6>(4 db)<\/h6>\n<p>&nbsp;<\/p>\n<p>A szob\u00e1ban \u00f6sszesen 2 f\u0151 f\u00e9r el.<\/p>\n<\/div>\n<div class=\"mb-30\">\n<ul class=\"room-services-list list-unstyled list-iconic\">\n<li class=\"service-list-item  \"><span class=\"glyphicon glyphicon-wifi\"><\/span>WIFI<\/li>\n<li class=\"service-list-item  \"><span class=\"glyphicon glyphicon-flatscreen\"><\/span>S\u00edkk\u00e9perny\u0151s TV<\/li>\n<li class=\"service-list-item  \"><span class=\"glyphicon glyphicon-hairdryer\"><\/span>Hajsz\u00e1r\u00edt\u00f3<\/li>\n<li class=\"service-list-item  \"><span class=\"glyphicon glyphicon-safe\"><\/span>Szobasz\u00e9f<\/li>\n<li class=\"service-list-item  \"><span class=\"glyphicon glyphicon-desk\"><\/span>\u00cdr\u00f3asztal<\/li>\n<\/ul>\n<\/div>\n<p>Szoba alapter\u00fclete: 20 m<sup>2<\/sup><\/p>\n<ul>\n<li>H\u00e1l\u00f3t\u00e9r (2 f\u0151 r\u00e9sz\u00e9re)\n<ul>\n<li>2 x szimpla \u00e1gy (nem \u00f6sszetolhat\u00f3)<\/li>\n<li>ruh\u00e1sszekr\u00e9ny, TV<\/li>\n<\/ul>\n<\/li>\n<li>Saj\u00e1t f\u00fcrd\u0151szoba (zuhanyt\u00e1lca)<\/li>\n<li>WC (f\u00fcrd\u0151szob\u00e1val egyben)<\/li>\n<\/ul>\n<p>[\/et_pb_text][\/et_pb_column][et_pb_column type=&#8221;1_2&#8243; _builder_version=&#8221;4.4.8&#8243;][et_pb_gallery gallery_ids=&#8221;175,176,177,178&#8243; fullwidth=&#8221;on&#8221; _builder_version=&#8221;4.4.8&#8243;][\/et_pb_gallery][\/et_pb_column][\/et_pb_row][\/et_pb_section][et_pb_section fb_built=&#8221;1&#8243; _builder_version=&#8221;4.4.8&#8243;][et_pb_row column_structure=&#8221;1_2,1_2&#8243; _builder_version=&#8221;4.4.8&#8243;][et_pb_column type=&#8221;1_2&#8243; _builder_version=&#8221;4.4.8&#8243;][et_pb_text _builder_version=&#8221;4.4.8&#8243; hover_enabled=&#8221;0&#8243;]<\/p>\n<div class=\"mb-10\">\n<h4>H\u00c1ROM\u00c1GYAS SZOBA<\/h4>\n<h6>(2 db)<\/h6>\n<p>&nbsp;<\/p>\n<p>A szob\u00e1ban \u00f6sszesen 3 f\u0151 f\u00e9r el.<\/p>\n<\/div>\n<div class=\"mb-30\">\n<ul class=\"room-services-list list-unstyled list-iconic\">\n<li class=\"service-list-item  \"><span class=\"glyphicon glyphicon-wifi\"><\/span>WIFI<\/li>\n<li class=\"service-list-item  \"><span class=\"glyphicon glyphicon-flatscreen\"><\/span>S\u00edkk\u00e9perny\u0151s TV<\/li>\n<li class=\"service-list-item  \"><span class=\"glyphicon glyphicon-hairdryer\"><\/span>Hajsz\u00e1r\u00edt\u00f3<\/li>\n<li class=\"service-list-item  \"><span class=\"glyphicon glyphicon-safe\"><\/span>Szobasz\u00e9f<\/li>\n<li class=\"service-list-item  \"><span class=\"glyphicon glyphicon-desk\"><\/span>\u00cdr\u00f3asztal<\/li>\n<\/ul>\n<\/div>\n<p>Szoba alapter\u00fclete: 20 m<sup>2<\/sup><\/p>\n<ul>\n<li>H\u00e1l\u00f3t\u00e9r (3 f\u0151 r\u00e9sz\u00e9re)\n<ul>\n<li>3 x szimpla \u00e1gy (nem \u00f6sszetolhat\u00f3)<\/li>\n<li>ruh\u00e1sszekr\u00e9ny, TV, saj\u00e1t erk\u00e9ly\/terasz<\/li>\n<\/ul>\n<\/li>\n<li>Saj\u00e1t f\u00fcrd\u0151szoba (zuhanyt\u00e1lca)<\/li>\n<li>WC (f\u00fcrd\u0151szob\u00e1val egyben<\/li>\n<\/ul>\n<p>[\/et_pb_text][\/et_pb_column][et_pb_column type=&#8221;1_2&#8243; _builder_version=&#8221;4.4.8&#8243;][et_pb_gallery gallery_ids=&#8221;193,194,195,196&#8243; fullwidth=&#8221;on&#8221; _builder_version=&#8221;4.4.8&#8243;][\/et_pb_gallery][\/et_pb_column][\/et_pb_row][\/et_pb_section][et_pb_section fb_built=&#8221;1&#8243; _builder_version=&#8221;4.4.8&#8243;][et_pb_row column_structure=&#8221;1_2,1_2&#8243; _builder_version=&#8221;4.4.8&#8243;][et_pb_column type=&#8221;1_2&#8243; _builder_version=&#8221;4.4.8&#8243;][et_pb_text _builder_version=&#8221;4.4.8&#8243; hover_enabled=&#8221;0&#8243;]<\/p>\n<div class=\"mb-10\">\n<h4>H\u00c1ROM\u00c1GYAS SZOBA ERK\u00c9LLYEL<\/h4>\n<h6>(1 db)<\/h6>\n<p>&nbsp;<\/p>\n<p>A szob\u00e1ban \u00f6sszesen 3 f\u0151 f\u00e9r el.<\/p>\n<\/div>\n<div class=\"mb-30\">\n<ul class=\"room-services-list list-unstyled list-iconic\">\n<li class=\"service-list-item  \"><span class=\"glyphicon glyphicon-wifi\"><\/span>WIFI<\/li>\n<li class=\"service-list-item  \"><span class=\"glyphicon glyphicon-balcony\"><\/span>Erk\u00e9ly\/terasz<\/li>\n<li class=\"service-list-item  \"><span class=\"glyphicon glyphicon-flatscreen\"><\/span>S\u00edkk\u00e9perny\u0151s TV<\/li>\n<li class=\"service-list-item  \"><span class=\"glyphicon glyphicon-hairdryer\"><\/span>Hajsz\u00e1r\u00edt\u00f3<\/li>\n<li class=\"service-list-item  hidden-element \"><span class=\"glyphicon glyphicon-safe\"><\/span>Szobasz\u00e9f<\/li>\n<li class=\"service-list-item  hidden-element \"><span class=\"glyphicon glyphicon-desk\"><\/span>\u00cdr\u00f3asztal<\/li>\n<\/ul>\n<p>&nbsp;<\/p>\n<\/div>\n<p>Szoba alapter\u00fclete: 20 m<sup>2<\/sup><\/p>\n<ul>\n<li>H\u00e1l\u00f3t\u00e9r (3 f\u0151 r\u00e9sz\u00e9re)\n<ul>\n<li>szimpla \u00e1gy, francia\u00e1gy<\/li>\n<li>ruh\u00e1sszekr\u00e9ny, TV, saj\u00e1t erk\u00e9ly\/terasz<\/li>\n<\/ul>\n<\/li>\n<li>Saj\u00e1t f\u00fcrd\u0151szoba (zuhanyt\u00e1lca)<\/li>\n<li>WC (f\u00fcrd\u0151szob\u00e1val egyben)<\/li>\n<\/ul>\n<p>[\/et_pb_text][\/et_pb_column][et_pb_column type=&#8221;1_2&#8243; _builder_version=&#8221;4.4.8&#8243;][et_pb_gallery gallery_ids=&#8221;188,189,190,191&#8243; fullwidth=&#8221;on&#8221; _builder_version=&#8221;4.4.8&#8243;][\/et_pb_gallery][\/et_pb_column][\/et_pb_row][\/et_pb_section][et_pb_section fb_built=&#8221;1&#8243; _builder_version=&#8221;4.4.8&#8243; min_height=&#8221;633px&#8221;][et_pb_row column_structure=&#8221;1_2,1_2&#8243; _builder_version=&#8221;4.4.8&#8243; min_height=&#8221;544px&#8221; custom_margin=&#8221;|auto|-58px|auto||&#8221; custom_padding=&#8221;||0px|||&#8221;][et_pb_column type=&#8221;1_2&#8243; _builder_version=&#8221;4.4.8&#8243;][et_pb_text _builder_version=&#8221;4.4.8&#8243; hover_enabled=&#8221;0&#8243;]<\/p>\n<div class=\"mb-10\">\n<h4>N\u00c9GY\u00c1GYAS SZOBA<\/h4>\n<h6>(1 db)<\/h6>\n<p>&nbsp;<\/p>\n<p>A szob\u00e1ban \u00f6sszesen 4 f\u0151 f\u00e9r el.<\/p>\n<\/div>\n<div class=\"mb-30\">\n<ul class=\"room-services-list list-unstyled list-iconic\">\n<li class=\"service-list-item  \"><span class=\"glyphicon glyphicon-wifi\"><\/span>WIFI<\/li>\n<li class=\"service-list-item  \"><span class=\"glyphicon glyphicon-flatscreen\"><\/span>S\u00edkk\u00e9perny\u0151s TV<\/li>\n<li class=\"service-list-item  \"><span class=\"glyphicon glyphicon-hairdryer\"><\/span>Hajsz\u00e1r\u00edt\u00f3<\/li>\n<li class=\"service-list-item  \"><span class=\"glyphicon glyphicon-safe\"><\/span>Szobasz\u00e9f<\/li>\n<li class=\"service-list-item  \"><span class=\"glyphicon glyphicon-desk\"><\/span>\u00cdr\u00f3asztal<\/li>\n<\/ul>\n<\/div>\n<p>Szoba alapter\u00fclete: 40 m<sup>2<\/sup><span>\u00a0<\/span><\/p>\n<ul>\n<li>H\u00e1l\u00f3t\u00e9r (4 f\u0151 r\u00e9sz\u00e9re)\n<ul>\n<li>2 x szimpla \u00e1gy (nem \u00f6sszetolhat\u00f3), francia\u00e1gy<\/li>\n<li>ruh\u00e1sszekr\u00e9ny, TV<\/li>\n<\/ul>\n<\/li>\n<li>Saj\u00e1t f\u00fcrd\u0151szoba (zuhanyt\u00e1lca)<\/li>\n<li>WC (f\u00fcrd\u0151szob\u00e1val egyben)<\/li>\n<\/ul>\n<p>[\/et_pb_text][\/et_pb_column][et_pb_column type=&#8221;1_2&#8243; _builder_version=&#8221;4.4.8&#8243;][et_pb_gallery gallery_ids=&#8221;183,184,185,186&#8243; fullwidth=&#8221;on&#8221; _builder_version=&#8221;4.4.8&#8243; custom_margin=&#8221;||48px|||&#8221;][\/et_pb_gallery][\/et_pb_column][\/et_pb_row][\/et_pb_section]<\/p>\n","protected":false},"excerpt":{"rendered":"<p>[et_pb_section fb_built=&#8221;1&#8243; _builder_version=&#8221;4.4.8&#8243; background_image=&#8221;https:\/\/www.alsovadacsipanzio.hu\/wp-content\/uploads\/2020\/01\/vhaz_0.jpg&#8221;][et_pb_row _builder_version=&#8221;4.4.8&#8243; min_height=&#8221;558px&#8221;][et_pb_column type=&#8221;4_4&#8243; _builder_version=&#8221;4.4.8&#8243;][\/et_pb_column][\/et_pb_row][\/et_pb_section][et_pb_section fb_built=&#8221;1&#8243; _builder_version=&#8221;4.4.8&#8243; min_height=&#8221;159px&#8221;][et_pb_row _builder_version=&#8221;4.4.8&#8243;][et_pb_column type=&#8221;4_4&#8243; _builder_version=&#8221;4.4.8&#8243;][et_pb_post_title meta=&#8221;off&#8221; featured_image=&#8221;off&#8221; _builder_version=&#8221;4.4.8&#8243;][\/et_pb_post_title][\/et_pb_column][\/et_pb_row][\/et_pb_section][et_pb_section fb_built=&#8221;1&#8243; _builder_version=&#8221;4.4.8&#8243;][et_pb_row _builder_version=&#8221;4.4.8&#8243;][et_pb_column type=&#8221;4_4&#8243; _builder_version=&#8221;4.4.8&#8243;][et_pb_button button_url=&#8221;https:\/\/szallas.hu\/alsovadacsi-vadaszhaz-sutto&#8221; url_new_window=&#8221;on&#8221; button_text=&#8221;ONLINE FOGLAL\u00c1S&#8221; _builder_version=&#8221;4.4.8&#8243;][\/et_pb_button][\/et_pb_column][\/et_pb_row][\/et_pb_section][et_pb_section fb_built=&#8221;1&#8243; _builder_version=&#8221;4.4.8&#8243;][et_pb_row column_structure=&#8221;1_2,1_2&#8243; _builder_version=&#8221;4.4.8&#8243;][et_pb_column type=&#8221;1_2&#8243; _builder_version=&#8221;4.4.8&#8243;][et_pb_text _builder_version=&#8221;4.4.8&#8243; custom_padding=&#8221;|0px||||&#8221;] A vad\u00e1szpanzi\u00f3ban 10 szoba \u00e1ll rendelkez\u00e9sre, 25 \u00e1ggyal. Minden szob\u00e1hoz tartozik f\u00fcrd\u0151szoba zuhanyz\u00f3val. A f\u00f6ldszinten kialak\u00edt\u00e1sra ker\u00fclt egy mozg\u00e1skorl\u00e1tozottak sz\u00e1m\u00e1ra [&hellip;]<\/p>\n","protected":false},"author":3,"featured_media":0,"parent":0,"menu_order":0,"comment_status":"closed","ping_status":"closed","template":"","meta":{"_et_pb_use_builder":"on","_et_pb_old_content":"","_et_gb_content_width":"","footnotes":""},"class_list":["post-162","page","type-page","status-publish","hentry"],"_links":{"self":[{"href":"https:\/\/www.alsovadacsipanzio.hu\/index.php?rest_route=\/wp\/v2\/pages\/162","targetHints":{"allow":["GET"]}}],"collection":[{"href":"https:\/\/www.alsovadacsipanzio.hu\/index.php?rest_route=\/wp\/v2\/pages"}],"about":[{"href":"https:\/\/www.alsovadacsipanzio.hu\/index.php?rest_route=\/wp\/v2\/types\/page"}],"author":[{"embeddable":true,"href":"https:\/\/www.alsovadacsipanzio.hu\/index.php?rest_route=\/wp\/v2\/users\/3"}],"replies":[{"embeddable":true,"href":"https:\/\/www.alsovadacsipanzio.hu\/index.php?rest_route=%2Fwp%2Fv2%2Fcomments&post=162"}],"version-history":[{"count":17,"href":"https:\/\/www.alsovadacsipanzio.hu\/index.php?rest_route=\/wp\/v2\/pages\/162\/revisions"}],"predecessor-version":[{"id":217,"href":"https:\/\/www.alsovadacsipanzio.hu\/index.php?rest_route=\/wp\/v2\/pages\/162\/revisions\/217"}],"wp:attachment":[{"href":"https:\/\/www.alsovadacsipanzio.hu\/index.php?rest_route=%2Fwp%2Fv2%2Fmedia&parent=162"}],"curies":[{"name":"wp","href":"https:\/\/api.w.org\/{rel}","templated":true}]}}